{"id":1481,"date":"2020-06-22T13:05:40","date_gmt":"2020-06-22T13:05:40","guid":{"rendered":"http:\/\/www.nicdarkthemes.com\/themes\/donation\/wp\/demo\/charity\/donation-history\/"},"modified":"2020-06-22T13:05:40","modified_gmt":"2020-06-22T13:05:40","slug":"donation-history","status":"publish","type":"page","link":"https:\/\/apliberty.org\/fr\/donation-history\/","title":{"rendered":"Donation History"},"content":{"rendered":"<div data-elementor-type=\"wp-page\" data-elementor-id=\"1481\" class=\"elementor elementor-1481\">\n\t\t\t\t\t\t<section class=\"elementor-section elementor-top-section elementor-element elementor-element-78457de0 elementor-section-stretched elementor-section-content-middle elementor-section-boxed elementor-section-height-default elementor-section-height-default\" data-id=\"78457de0\" data-element_type=\"section\" data-settings=\"{&quot;stretch_section&quot;:&quot;section-stretched&quot;,&quot;background_background&quot;:&quot;classic&quot;}\">\n\t\t\t\t\t\t\t<div class=\"elementor-background-overlay\"><\/div>\n\t\t\t\t\t\t\t<div class=\"elementor-container elementor-column-gap-default\">\n\t\t\t\t\t<div class=\"elementor-column elementor-col-100 elementor-top-column elementor-element elementor-element-b3570c0\" data-id=\"b3570c0\" data-element_type=\"column\">\n\t\t\t<div class=\"elementor-widget-wrap elementor-element-populated\">\n\t\t\t\t\t\t<div class=\"elementor-element elementor-element-65594115 elementor-widget elementor-widget-heading\" data-id=\"65594115\" data-element_type=\"widget\" data-widget_type=\"heading.default\">\n\t\t\t\t<div class=\"elementor-widget-container\">\n\t\t\t\t\t<h1 class=\"elementor-heading-title elementor-size-default\">Donation History<\/h1>\t\t\t\t<\/div>\n\t\t\t\t<\/div>\n\t\t\t\t\t<\/div>\n\t\t<\/div>\n\t\t\t\t\t<\/div>\n\t\t<\/section>\n\t\t\t\t<section class=\"elementor-section elementor-top-section elementor-element elementor-element-7f3f4a43 elementor-section-full_width elementor-section-height-default elementor-section-height-default\" data-id=\"7f3f4a43\" data-element_type=\"section\">\n\t\t\t\t\t\t<div class=\"elementor-container elementor-column-gap-default\">\n\t\t\t\t\t<div class=\"elementor-column elementor-col-100 elementor-top-column elementor-element elementor-element-72bc50b1\" data-id=\"72bc50b1\" data-element_type=\"column\">\n\t\t\t<div class=\"elementor-widget-wrap elementor-element-populated\">\n\t\t\t\t\t\t<div class=\"elementor-element elementor-element-67f9f485 elementor-widget elementor-widget-shortcode\" data-id=\"67f9f485\" data-element_type=\"widget\" data-widget_type=\"shortcode.default\">\n\t\t\t\t<div class=\"elementor-widget-container\">\n\t\t\t\t\t\t\t<div class=\"elementor-shortcode\"><div class=\"give_notices give_errors\" id=\"give_error_warning\">\n\t\t\t\t\t\t<p class=\"give_notice give_warning\" data-dismissible=\"\" data-dismiss-interval=\"5000\" data-dismiss-type=\"\">\n\t\t\t\t\t\t\tVous devez \u00eatre connect\u00e9 pour voir votre historique de don. Veuillez vous connecter en utilisant votre compte ou en vous en cr\u00e9ant un en utilisant la m\u00eame adresse de messagerie utilis\u00e9e pour votre don.\n\t\t\t\t\t\t<\/p>\n\t\t\t\t\t\t\n\t\t\t\t\t<\/div>\t<form id=\"give-login-form\" class=\"give-form\" action=\"\" method=\"post\" data-trp-original-action=\"\">\n\t\t<fieldset>\n\t\t\t<legend>Connectez-vous<\/legend>\n\t\t\t\t\t\t<div class=\"give-login-username give-login\">\n\t\t\t\t<label for=\"give_user_login\">Identifiant ou adresse de messagerie<\/label>\n\t\t\t\t<input name=\"give_user_login\" id=\"give_user_login\" class=\"give-required give-input\" type=\"text\" required aria-required=\"true\" \/>\n\t\t\t<\/div>\n\n\t\t\t<div class=\"give-login-password give-login\">\n\t\t\t\t<label for=\"give_user_pass\">Mot de passe<\/label>\n\t\t\t\t<input name=\"give_user_pass\" id=\"give_user_pass\" class=\"give-password give-required give-input\" type=\"password\" required aria-required=\"true\" \/>\n\t\t\t<\/div>\n\n\t\t\t<div class=\"give-login-submit give-login\">\n\t\t\t\t<input type=\"hidden\" name=\"give_login_redirect\" value=\"https:\/\/apliberty.org\/fr\/donor-dashboard-2\/?give-login-success=true\" \/>\n\t\t\t\t<input type=\"hidden\" name=\"give_login_nonce\" value=\"515cdb5355\" \/>\n\t\t\t\t<input type=\"hidden\" name=\"give_action\" value=\"user_login\" \/>\n\t\t\t\t<input id=\"give_login_submit\" type=\"submit\" class=\"give_submit\" value=\"Se connecter\" \/>\n\t\t\t<\/div>\n\n\t\t\t<div class=\"give-lost-password give-login\">\n\t\t\t\t<a href=\"https:\/\/apliberty.org\/wp-login.php?action=lostpassword\">\n\t\t\t\t\tR\u00e9initialiser le mot de passe\t\t\t\t<\/a>\n\t\t\t<\/div>\n\t\t\t\t\t<\/fieldset>\n\t<input type=\"hidden\" name=\"trp-form-language\" value=\"fr\"\/><\/form>\n\t<\/div>\n\t\t\t\t\t\t<\/div>\n\t\t\t\t<\/div>\n\t\t\t\t\t<\/div>\n\t\t<\/div>\n\t\t\t\t\t<\/div>\n\t\t<\/section>\n\t\t\t\t<\/div>","protected":false},"excerpt":{"rendered":"<p>Donation History<\/p>","protected":false},"author":1,"featured_media":0,"parent":0,"menu_order":0,"comment_status":"closed","ping_status":"closed","template":"","meta":{"give_campaign_id":0,"footnotes":""},"class_list":["post-1481","page","type-page","status-publish","hentry"],"aioseo_notices":[],"campaignId":"","_links":{"self":[{"href":"https:\/\/apliberty.org\/fr\/wp-json\/wp\/v2\/pages\/1481","targetHints":{"allow":["GET"]}}],"collection":[{"href":"https:\/\/apliberty.org\/fr\/wp-json\/wp\/v2\/pages"}],"about":[{"href":"https:\/\/apliberty.org\/fr\/wp-json\/wp\/v2\/types\/page"}],"author":[{"embeddable":true,"href":"https:\/\/apliberty.org\/fr\/wp-json\/wp\/v2\/users\/1"}],"replies":[{"embeddable":true,"href":"https:\/\/apliberty.org\/fr\/wp-json\/wp\/v2\/comments?post=1481"}],"version-history":[{"count":0,"href":"https:\/\/apliberty.org\/fr\/wp-json\/wp\/v2\/pages\/1481\/revisions"}],"wp:attachment":[{"href":"https:\/\/apliberty.org\/fr\/wp-json\/wp\/v2\/media?parent=1481"}],"curies":[{"name":"wp","href":"https:\/\/api.w.org\/{rel}","templated":true}]}}